{"id":29,"date":"2023-03-12T23:32:51","date_gmt":"2023-03-12T22:32:51","guid":{"rendered":"http:\/\/localhost\/?page_id=29"},"modified":"2023-04-09T22:57:53","modified_gmt":"2023-04-09T20:57:53","slug":"kontakt","status":"publish","type":"page","link":"https:\/\/hydrocentrum.pl\/nowa2023\/kontakt\/","title":{"rendered":"Kontakt"},"content":{"rendered":"<div class=\"wpforms-container wpforms-render-modern\" id=\"wpforms-245\"><form id=\"wpforms-form-245\" class=\"wpforms-validate wpforms-form wpforms-ajax-form\" data-formid=\"245\" method=\"post\" enctype=\"multipart\/form-data\" action=\"\/nowa2023\/wp-json\/wp\/v2\/pages\/29\" data-token=\"e4882ac06c210a5c9931a3a501a748f5\"><noscript class=\"wpforms-error-noscript\">Aby wype\u0142ni\u0107 ten formularz, w\u0142\u0105cz obs\u0142ug\u0119 JavaScript w przegl\u0105darce.<\/noscript><div class=\"wpforms-hidden\" id=\"wpforms-error-noscript\">Aby wype\u0142ni\u0107 ten formularz, w\u0142\u0105cz obs\u0142ug\u0119 JavaScript w przegl\u0105darce.<\/div><div class=\"wpforms-field-container\"><div id=\"wpforms-245-field_0-container\" class=\"wpforms-field wpforms-field-name wpforms-one-half wpforms-first\" data-field-id=\"0\"><label class=\"wpforms-field-label\" for=\"wpforms-245-field_0\">Imi\u0119 i nazwisko <span class=\"wpforms-required-label\" aria-hidden=\"true\">*<\/span><\/label><input type=\"text\" id=\"wpforms-245-field_0\" class=\"wpforms-field-large wpforms-field-required\" name=\"wpforms[fields][0]\" placeholder=\"Imi\u0119 i nazwisko\" aria-errormessage=\"wpforms-245-field_0-error\" required><\/div><div id=\"wpforms-245-field_1-container\" class=\"wpforms-field wpforms-field-email wpforms-one-half\" data-field-id=\"1\"><label class=\"wpforms-field-label\" for=\"wpforms-245-field_1\">E-mail <span class=\"wpforms-required-label\" aria-hidden=\"true\">*<\/span><\/label><input type=\"email\" id=\"wpforms-245-field_1\" class=\"wpforms-field-large wpforms-field-required\" name=\"wpforms[fields][1]\" placeholder=\"E-mail\" spellcheck=\"false\" aria-errormessage=\"wpforms-245-field_1-error\" required><\/div><div id=\"wpforms-245-field_3-container\" class=\"wpforms-field wpforms-field-text wpforms-one-half wpforms-first\" data-field-id=\"3\"><label class=\"wpforms-field-label\" for=\"wpforms-245-field_3\">Telefon <span class=\"wpforms-required-label\" aria-hidden=\"true\">*<\/span><\/label><input type=\"text\" id=\"wpforms-245-field_3\" class=\"wpforms-field-large wpforms-field-required\" name=\"wpforms[fields][3]\" placeholder=\"Telefon\" aria-errormessage=\"wpforms-245-field_3-error\" required><\/div><div id=\"wpforms-245-field_4-container\" class=\"wpforms-field wpforms-field-text wpforms-one-half\" data-field-id=\"4\"><label class=\"wpforms-field-label\" for=\"wpforms-245-field_4\">Temat <span class=\"wpforms-required-label\" aria-hidden=\"true\">*<\/span><\/label><input type=\"text\" id=\"wpforms-245-field_4\" class=\"wpforms-field-large wpforms-field-required\" name=\"wpforms[fields][4]\" placeholder=\"Temat\" aria-errormessage=\"wpforms-245-field_4-error\" required><\/div><div id=\"wpforms-245-field_2-container\" class=\"wpforms-field wpforms-field-textarea\" data-field-id=\"2\"><label class=\"wpforms-field-label\" for=\"wpforms-245-field_2\">Tre\u015b\u0107 <span class=\"wpforms-required-label\" aria-hidden=\"true\">*<\/span><\/label><textarea id=\"wpforms-245-field_2\" class=\"wpforms-field-large wpforms-field-required\" name=\"wpforms[fields][2]\" placeholder=\"Napisz pytanie...\" aria-errormessage=\"wpforms-245-field_2-error\" required><\/textarea><\/div><\/div><!-- .wpforms-field-container --><div class=\"wpforms-submit-container\" ><input type=\"hidden\" name=\"wpforms[id]\" value=\"245\"><input type=\"hidden\" name=\"wpforms[author]\" value=\"1\"><button type=\"submit\" name=\"wpforms[submit]\" id=\"wpforms-submit-245\" class=\"wpforms-submit\" data-alt-text=\"Wysy\u0142anie...\" data-submit-text=\"Wy\u015blij wiadomo\u015b\u0107\" aria-live=\"assertive\" value=\"wpforms-submit\">Wy\u015blij wiadomo\u015b\u0107<\/button><img loading=\"lazy\" decoding=\"async\" src=\"https:\/\/hydrocentrum.pl\/nowa2023\/wp-content\/plugins\/wpforms-lite\/assets\/images\/submit-spin.svg\" class=\"wpforms-submit-spinner\" style=\"display: none;\" width=\"26\" height=\"26\" alt=\"Wczytywanie\"><\/div><\/form><\/div>  <!-- .wpforms-container -->\n","protected":false},"excerpt":{"rendered":"","protected":false},"author":1,"featured_media":0,"parent":0,"menu_order":0,"comment_status":"closed","ping_status":"closed","template":"","meta":{"inline_featured_image":false,"footnotes":""},"class_list":["post-29","page","type-page","status-publish","hentry"],"acf":[],"yoast_head":"<!-- This site is optimized with the Yoast SEO plugin v20.4 - https:\/\/yoast.com\/wordpress\/plugins\/seo\/ -->\n<title>Kontakt - Hydro Centrum<\/title>\n<meta name=\"robots\" content=\"noindex, follow, max-snippet:-1, max-image-preview:large, max-video-preview:-1\" \/>\n<meta property=\"og:locale\" content=\"pl_PL\" \/>\n<meta property=\"og:type\" content=\"article\" \/>\n<meta property=\"og:title\" content=\"Kontakt - Hydro Centrum\" \/>\n<meta property=\"og:url\" content=\"https:\/\/hydrocentrum.pl\/nowa2023\/kontakt\/\" \/>\n<meta property=\"og:site_name\" content=\"Hydro Centrum\" \/>\n<meta property=\"article:modified_time\" content=\"2023-04-09T20:57:53+00:00\" \/>\n<meta name=\"twitter:card\" content=\"summary_large_image\" \/>\n<meta name=\"twitter:label1\" content=\"Szacowany czas czytania\" \/>\n\t<meta name=\"twitter:data1\" content=\"1 minuta\" \/>\n<script type=\"application\/ld+json\" class=\"yoast-schema-graph\">{\"@context\":\"https:\/\/schema.org\",\"@graph\":[{\"@type\":\"WebPage\",\"@id\":\"https:\/\/hydrocentrum.pl\/nowa2023\/kontakt\/\",\"url\":\"https:\/\/hydrocentrum.pl\/nowa2023\/kontakt\/\",\"name\":\"Kontakt - Hydro Centrum\",\"isPartOf\":{\"@id\":\"https:\/\/hydrocentrum.pl\/nowa2023\/#website\"},\"datePublished\":\"2023-03-12T22:32:51+00:00\",\"dateModified\":\"2023-04-09T20:57:53+00:00\",\"breadcrumb\":{\"@id\":\"https:\/\/hydrocentrum.pl\/nowa2023\/kontakt\/#breadcrumb\"},\"inLanguage\":\"pl-PL\",\"potentialAction\":[{\"@type\":\"ReadAction\",\"target\":[\"https:\/\/hydrocentrum.pl\/nowa2023\/kontakt\/\"]}]},{\"@type\":\"BreadcrumbList\",\"@id\":\"https:\/\/hydrocentrum.pl\/nowa2023\/kontakt\/#breadcrumb\",\"itemListElement\":[{\"@type\":\"ListItem\",\"position\":1,\"name\":\"Strona g\u0142\u00f3wna\",\"item\":\"https:\/\/hydrocentrum.pl\/nowa2023\/\"},{\"@type\":\"ListItem\",\"position\":2,\"name\":\"Kontakt\"}]},{\"@type\":\"WebSite\",\"@id\":\"https:\/\/hydrocentrum.pl\/nowa2023\/#website\",\"url\":\"https:\/\/hydrocentrum.pl\/nowa2023\/\",\"name\":\"Hydro Centrum\",\"description\":\"Pi\u0119knie wyko\u0144czone wn\u0119trza\",\"publisher\":{\"@id\":\"https:\/\/hydrocentrum.pl\/nowa2023\/#organization\"},\"potentialAction\":[{\"@type\":\"SearchAction\",\"target\":{\"@type\":\"EntryPoint\",\"urlTemplate\":\"https:\/\/hydrocentrum.pl\/nowa2023\/?s={search_term_string}\"},\"query-input\":\"required name=search_term_string\"}],\"inLanguage\":\"pl-PL\"},{\"@type\":\"Organization\",\"@id\":\"https:\/\/hydrocentrum.pl\/nowa2023\/#organization\",\"name\":\"Hydro Centrum\",\"url\":\"https:\/\/hydrocentrum.pl\/nowa2023\/\",\"logo\":{\"@type\":\"ImageObject\",\"inLanguage\":\"pl-PL\",\"@id\":\"https:\/\/hydrocentrum.pl\/nowa2023\/#\/schema\/logo\/image\/\",\"url\":\"https:\/\/hydrocentrum.pl\/nowa2023\/wp-content\/uploads\/2023\/03\/LogoFinal.png\",\"contentUrl\":\"https:\/\/hydrocentrum.pl\/nowa2023\/wp-content\/uploads\/2023\/03\/LogoFinal.png\",\"width\":418,\"height\":100,\"caption\":\"Hydro Centrum\"},\"image\":{\"@id\":\"https:\/\/hydrocentrum.pl\/nowa2023\/#\/schema\/logo\/image\/\"}}]}<\/script>\n<!-- \/ Yoast SEO plugin. -->","yoast_head_json":{"title":"Kontakt - Hydro Centrum","robots":{"index":"noindex","follow":"follow","max-snippet":"max-snippet:-1","max-image-preview":"max-image-preview:large","max-video-preview":"max-video-preview:-1"},"og_locale":"pl_PL","og_type":"article","og_title":"Kontakt - Hydro Centrum","og_url":"https:\/\/hydrocentrum.pl\/nowa2023\/kontakt\/","og_site_name":"Hydro Centrum","article_modified_time":"2023-04-09T20:57:53+00:00","twitter_card":"summary_large_image","twitter_misc":{"Szacowany czas czytania":"1 minuta"},"schema":{"@context":"https:\/\/schema.org","@graph":[{"@type":"WebPage","@id":"https:\/\/hydrocentrum.pl\/nowa2023\/kontakt\/","url":"https:\/\/hydrocentrum.pl\/nowa2023\/kontakt\/","name":"Kontakt - Hydro Centrum","isPartOf":{"@id":"https:\/\/hydrocentrum.pl\/nowa2023\/#website"},"datePublished":"2023-03-12T22:32:51+00:00","dateModified":"2023-04-09T20:57:53+00:00","breadcrumb":{"@id":"https:\/\/hydrocentrum.pl\/nowa2023\/kontakt\/#breadcrumb"},"inLanguage":"pl-PL","potentialAction":[{"@type":"ReadAction","target":["https:\/\/hydrocentrum.pl\/nowa2023\/kontakt\/"]}]},{"@type":"BreadcrumbList","@id":"https:\/\/hydrocentrum.pl\/nowa2023\/kontakt\/#breadcrumb","itemListElement":[{"@type":"ListItem","position":1,"name":"Strona g\u0142\u00f3wna","item":"https:\/\/hydrocentrum.pl\/nowa2023\/"},{"@type":"ListItem","position":2,"name":"Kontakt"}]},{"@type":"WebSite","@id":"https:\/\/hydrocentrum.pl\/nowa2023\/#website","url":"https:\/\/hydrocentrum.pl\/nowa2023\/","name":"Hydro Centrum","description":"Pi\u0119knie wyko\u0144czone wn\u0119trza","publisher":{"@id":"https:\/\/hydrocentrum.pl\/nowa2023\/#organization"},"potentialAction":[{"@type":"SearchAction","target":{"@type":"EntryPoint","urlTemplate":"https:\/\/hydrocentrum.pl\/nowa2023\/?s={search_term_string}"},"query-input":"required name=search_term_string"}],"inLanguage":"pl-PL"},{"@type":"Organization","@id":"https:\/\/hydrocentrum.pl\/nowa2023\/#organization","name":"Hydro Centrum","url":"https:\/\/hydrocentrum.pl\/nowa2023\/","logo":{"@type":"ImageObject","inLanguage":"pl-PL","@id":"https:\/\/hydrocentrum.pl\/nowa2023\/#\/schema\/logo\/image\/","url":"https:\/\/hydrocentrum.pl\/nowa2023\/wp-content\/uploads\/2023\/03\/LogoFinal.png","contentUrl":"https:\/\/hydrocentrum.pl\/nowa2023\/wp-content\/uploads\/2023\/03\/LogoFinal.png","width":418,"height":100,"caption":"Hydro Centrum"},"image":{"@id":"https:\/\/hydrocentrum.pl\/nowa2023\/#\/schema\/logo\/image\/"}}]}},"_links":{"self":[{"href":"https:\/\/hydrocentrum.pl\/nowa2023\/wp-json\/wp\/v2\/pages\/29","targetHints":{"allow":["GET"]}}],"collection":[{"href":"https:\/\/hydrocentrum.pl\/nowa2023\/wp-json\/wp\/v2\/pages"}],"about":[{"href":"https:\/\/hydrocentrum.pl\/nowa2023\/wp-json\/wp\/v2\/types\/page"}],"author":[{"embeddable":true,"href":"https:\/\/hydrocentrum.pl\/nowa2023\/wp-json\/wp\/v2\/users\/1"}],"replies":[{"embeddable":true,"href":"https:\/\/hydrocentrum.pl\/nowa2023\/wp-json\/wp\/v2\/comments?post=29"}],"version-history":[{"count":2,"href":"https:\/\/hydrocentrum.pl\/nowa2023\/wp-json\/wp\/v2\/pages\/29\/revisions"}],"predecessor-version":[{"id":249,"href":"https:\/\/hydrocentrum.pl\/nowa2023\/wp-json\/wp\/v2\/pages\/29\/revisions\/249"}],"wp:attachment":[{"href":"https:\/\/hydrocentrum.pl\/nowa2023\/wp-json\/wp\/v2\/media?parent=29"}],"curies":[{"name":"wp","href":"https:\/\/api.w.org\/{rel}","templated":true}]}}