{"id":27,"date":"2023-03-12T23:32:31","date_gmt":"2023-03-12T22:32:31","guid":{"rendered":"http:\/\/localhost\/?page_id=27"},"modified":"2023-06-05T17:44:16","modified_gmt":"2023-06-05T15:44:16","slug":"spytajo","status":"publish","type":"page","link":"https:\/\/hydrocentrum.pl\/nowa2023\/spytajo\/","title":{"rendered":"Sprzeda\u017c VAT 8%, dofinansowanie, kredyt"},"content":{"rendered":"<p>Budujesz albo remontujesz kot\u0142ownie?<\/p>\n<p>Zapytaj o<\/p>\n<p>sprzeda\u017c towaru + us\u0142uga z 8 % VAT<\/p>\n<p>kredyt<\/p>\n<p>dofinansowanie<\/p>\n","protected":false},"excerpt":{"rendered":"<p>Budujesz albo remontujesz kot\u0142ownie? Zapytaj o sprzeda\u017c towaru + us\u0142uga z 8 % VAT kredyt dofinansowanie<\/p>\n","protected":false},"author":1,"featured_media":0,"parent":0,"menu_order":0,"comment_status":"closed","ping_status":"closed","template":"","meta":{"inline_featured_image":false,"footnotes":""},"class_list":["post-27","page","type-page","status-publish","hentry"],"acf":[],"yoast_head":"<!-- This site is optimized with the Yoast SEO plugin v20.4 - https:\/\/yoast.com\/wordpress\/plugins\/seo\/ -->\n<title>Sprzeda\u017c VAT 8%, dofinansowanie, kredyt - Hydro Centrum<\/title>\n<meta name=\"robots\" content=\"noindex, follow, max-snippet:-1, max-image-preview:large, max-video-preview:-1\" \/>\n<meta property=\"og:locale\" content=\"pl_PL\" \/>\n<meta property=\"og:type\" content=\"article\" \/>\n<meta property=\"og:title\" content=\"Sprzeda\u017c VAT 8%, dofinansowanie, kredyt - Hydro Centrum\" \/>\n<meta property=\"og:description\" content=\"Budujesz albo remontujesz kot\u0142ownie? Zapytaj o sprzeda\u017c towaru + us\u0142uga z 8 % VAT kredyt dofinansowanie\" \/>\n<meta property=\"og:url\" content=\"https:\/\/hydrocentrum.pl\/nowa2023\/spytajo\/\" \/>\n<meta property=\"og:site_name\" content=\"Hydro Centrum\" \/>\n<meta property=\"article:modified_time\" content=\"2023-06-05T15:44:16+00:00\" \/>\n<meta name=\"twitter:card\" content=\"summary_large_image\" \/>\n<meta name=\"twitter:label1\" content=\"Szacowany czas czytania\" \/>\n\t<meta name=\"twitter:data1\" content=\"1 minuta\" \/>\n<script type=\"application\/ld+json\" class=\"yoast-schema-graph\">{\"@context\":\"https:\/\/schema.org\",\"@graph\":[{\"@type\":\"WebPage\",\"@id\":\"https:\/\/hydrocentrum.pl\/nowa2023\/spytajo\/\",\"url\":\"https:\/\/hydrocentrum.pl\/nowa2023\/spytajo\/\",\"name\":\"Sprzeda\u017c VAT 8%, dofinansowanie, kredyt - Hydro Centrum\",\"isPartOf\":{\"@id\":\"https:\/\/hydrocentrum.pl\/nowa2023\/#website\"},\"datePublished\":\"2023-03-12T22:32:31+00:00\",\"dateModified\":\"2023-06-05T15:44:16+00:00\",\"breadcrumb\":{\"@id\":\"https:\/\/hydrocentrum.pl\/nowa2023\/spytajo\/#breadcrumb\"},\"inLanguage\":\"pl-PL\",\"potentialAction\":[{\"@type\":\"ReadAction\",\"target\":[\"https:\/\/hydrocentrum.pl\/nowa2023\/spytajo\/\"]}]},{\"@type\":\"BreadcrumbList\",\"@id\":\"https:\/\/hydrocentrum.pl\/nowa2023\/spytajo\/#breadcrumb\",\"itemListElement\":[{\"@type\":\"ListItem\",\"position\":1,\"name\":\"Strona g\u0142\u00f3wna\",\"item\":\"https:\/\/hydrocentrum.pl\/nowa2023\/\"},{\"@type\":\"ListItem\",\"position\":2,\"name\":\"Sprzeda\u017c VAT 8%, dofinansowanie, kredyt\"}]},{\"@type\":\"WebSite\",\"@id\":\"https:\/\/hydrocentrum.pl\/nowa2023\/#website\",\"url\":\"https:\/\/hydrocentrum.pl\/nowa2023\/\",\"name\":\"Hydro Centrum\",\"description\":\"Pi\u0119knie wyko\u0144czone wn\u0119trza\",\"publisher\":{\"@id\":\"https:\/\/hydrocentrum.pl\/nowa2023\/#organization\"},\"potentialAction\":[{\"@type\":\"SearchAction\",\"target\":{\"@type\":\"EntryPoint\",\"urlTemplate\":\"https:\/\/hydrocentrum.pl\/nowa2023\/?s={search_term_string}\"},\"query-input\":\"required name=search_term_string\"}],\"inLanguage\":\"pl-PL\"},{\"@type\":\"Organization\",\"@id\":\"https:\/\/hydrocentrum.pl\/nowa2023\/#organization\",\"name\":\"Hydro Centrum\",\"url\":\"https:\/\/hydrocentrum.pl\/nowa2023\/\",\"logo\":{\"@type\":\"ImageObject\",\"inLanguage\":\"pl-PL\",\"@id\":\"https:\/\/hydrocentrum.pl\/nowa2023\/#\/schema\/logo\/image\/\",\"url\":\"https:\/\/hydrocentrum.pl\/nowa2023\/wp-content\/uploads\/2023\/03\/LogoFinal.png\",\"contentUrl\":\"https:\/\/hydrocentrum.pl\/nowa2023\/wp-content\/uploads\/2023\/03\/LogoFinal.png\",\"width\":418,\"height\":100,\"caption\":\"Hydro Centrum\"},\"image\":{\"@id\":\"https:\/\/hydrocentrum.pl\/nowa2023\/#\/schema\/logo\/image\/\"}}]}<\/script>\n<!-- \/ Yoast SEO plugin. -->","yoast_head_json":{"title":"Sprzeda\u017c VAT 8%, dofinansowanie, kredyt - Hydro Centrum","robots":{"index":"noindex","follow":"follow","max-snippet":"max-snippet:-1","max-image-preview":"max-image-preview:large","max-video-preview":"max-video-preview:-1"},"og_locale":"pl_PL","og_type":"article","og_title":"Sprzeda\u017c VAT 8%, dofinansowanie, kredyt - Hydro Centrum","og_description":"Budujesz albo remontujesz kot\u0142ownie? Zapytaj o sprzeda\u017c towaru + us\u0142uga z 8 % VAT kredyt dofinansowanie","og_url":"https:\/\/hydrocentrum.pl\/nowa2023\/spytajo\/","og_site_name":"Hydro Centrum","article_modified_time":"2023-06-05T15:44:16+00:00","twitter_card":"summary_large_image","twitter_misc":{"Szacowany czas czytania":"1 minuta"},"schema":{"@context":"https:\/\/schema.org","@graph":[{"@type":"WebPage","@id":"https:\/\/hydrocentrum.pl\/nowa2023\/spytajo\/","url":"https:\/\/hydrocentrum.pl\/nowa2023\/spytajo\/","name":"Sprzeda\u017c VAT 8%, dofinansowanie, kredyt - Hydro Centrum","isPartOf":{"@id":"https:\/\/hydrocentrum.pl\/nowa2023\/#website"},"datePublished":"2023-03-12T22:32:31+00:00","dateModified":"2023-06-05T15:44:16+00:00","breadcrumb":{"@id":"https:\/\/hydrocentrum.pl\/nowa2023\/spytajo\/#breadcrumb"},"inLanguage":"pl-PL","potentialAction":[{"@type":"ReadAction","target":["https:\/\/hydrocentrum.pl\/nowa2023\/spytajo\/"]}]},{"@type":"BreadcrumbList","@id":"https:\/\/hydrocentrum.pl\/nowa2023\/spytajo\/#breadcrumb","itemListElement":[{"@type":"ListItem","position":1,"name":"Strona g\u0142\u00f3wna","item":"https:\/\/hydrocentrum.pl\/nowa2023\/"},{"@type":"ListItem","position":2,"name":"Sprzeda\u017c VAT 8%, dofinansowanie, kredyt"}]},{"@type":"WebSite","@id":"https:\/\/hydrocentrum.pl\/nowa2023\/#website","url":"https:\/\/hydrocentrum.pl\/nowa2023\/","name":"Hydro Centrum","description":"Pi\u0119knie wyko\u0144czone wn\u0119trza","publisher":{"@id":"https:\/\/hydrocentrum.pl\/nowa2023\/#organization"},"potentialAction":[{"@type":"SearchAction","target":{"@type":"EntryPoint","urlTemplate":"https:\/\/hydrocentrum.pl\/nowa2023\/?s={search_term_string}"},"query-input":"required name=search_term_string"}],"inLanguage":"pl-PL"},{"@type":"Organization","@id":"https:\/\/hydrocentrum.pl\/nowa2023\/#organization","name":"Hydro Centrum","url":"https:\/\/hydrocentrum.pl\/nowa2023\/","logo":{"@type":"ImageObject","inLanguage":"pl-PL","@id":"https:\/\/hydrocentrum.pl\/nowa2023\/#\/schema\/logo\/image\/","url":"https:\/\/hydrocentrum.pl\/nowa2023\/wp-content\/uploads\/2023\/03\/LogoFinal.png","contentUrl":"https:\/\/hydrocentrum.pl\/nowa2023\/wp-content\/uploads\/2023\/03\/LogoFinal.png","width":418,"height":100,"caption":"Hydro Centrum"},"image":{"@id":"https:\/\/hydrocentrum.pl\/nowa2023\/#\/schema\/logo\/image\/"}}]}},"_links":{"self":[{"href":"https:\/\/hydrocentrum.pl\/nowa2023\/wp-json\/wp\/v2\/pages\/27","targetHints":{"allow":["GET"]}}],"collection":[{"href":"https:\/\/hydrocentrum.pl\/nowa2023\/wp-json\/wp\/v2\/pages"}],"about":[{"href":"https:\/\/hydrocentrum.pl\/nowa2023\/wp-json\/wp\/v2\/types\/page"}],"author":[{"embeddable":true,"href":"https:\/\/hydrocentrum.pl\/nowa2023\/wp-json\/wp\/v2\/users\/1"}],"replies":[{"embeddable":true,"href":"https:\/\/hydrocentrum.pl\/nowa2023\/wp-json\/wp\/v2\/comments?post=27"}],"version-history":[{"count":14,"href":"https:\/\/hydrocentrum.pl\/nowa2023\/wp-json\/wp\/v2\/pages\/27\/revisions"}],"predecessor-version":[{"id":837,"href":"https:\/\/hydrocentrum.pl\/nowa2023\/wp-json\/wp\/v2\/pages\/27\/revisions\/837"}],"wp:attachment":[{"href":"https:\/\/hydrocentrum.pl\/nowa2023\/wp-json\/wp\/v2\/media?parent=27"}],"curies":[{"name":"wp","href":"https:\/\/api.w.org\/{rel}","templated":true}]}}