{"id":11,"date":"2023-03-12T23:13:20","date_gmt":"2023-03-12T22:13:20","guid":{"rendered":"http:\/\/localhost\/?page_id=11"},"modified":"2026-04-01T17:52:46","modified_gmt":"2026-04-01T15:52:46","slug":"strona-glowna","status":"publish","type":"page","link":"https:\/\/hydrocentrum.pl\/nowa2023\/","title":{"rendered":"Strona g\u0142\u00f3wna"},"content":{"rendered":"","protected":false},"excerpt":{"rendered":"","protected":false},"author":1,"featured_media":126,"parent":0,"menu_order":0,"comment_status":"closed","ping_status":"closed","template":"","meta":{"inline_featured_image":false,"footnotes":""},"class_list":["post-11","page","type-page","status-publish","has-post-thumbnail","hentry"],"acf":[],"yoast_head":"<!-- This site is optimized with the Yoast SEO plugin v20.4 - https:\/\/yoast.com\/wordpress\/plugins\/seo\/ -->\n<title>Strona g\u0142\u00f3wna - Hydro Centrum<\/title>\n<meta name=\"robots\" content=\"noindex, follow, max-snippet:-1, max-image-preview:large, max-video-preview:-1\" \/>\n<meta property=\"og:locale\" content=\"pl_PL\" \/>\n<meta property=\"og:type\" content=\"article\" \/>\n<meta property=\"og:title\" content=\"Strona g\u0142\u00f3wna - Hydro Centrum\" \/>\n<meta property=\"og:url\" content=\"https:\/\/hydrocentrum.pl\/nowa2023\/\" \/>\n<meta property=\"og:site_name\" content=\"Hydro Centrum\" \/>\n<meta property=\"article:modified_time\" content=\"2026-04-01T15:52:46+00:00\" \/>\n<meta property=\"og:image\" content=\"https:\/\/hydrocentrum.pl\/nowa2023\/wp-content\/uploads\/2023\/03\/gamma2.jpg\" \/>\n\t<meta property=\"og:image:width\" content=\"1600\" \/>\n\t<meta property=\"og:image:height\" content=\"900\" \/>\n\t<meta property=\"og:image:type\" content=\"image\/jpeg\" \/>\n<meta name=\"twitter:card\" content=\"summary_large_image\" \/>\n<script type=\"application\/ld+json\" class=\"yoast-schema-graph\">{\"@context\":\"https:\/\/schema.org\",\"@graph\":[{\"@type\":\"WebPage\",\"@id\":\"https:\/\/hydrocentrum.pl\/nowa2023\/\",\"url\":\"https:\/\/hydrocentrum.pl\/nowa2023\/\",\"name\":\"Strona g\u0142\u00f3wna - Hydro Centrum\",\"isPartOf\":{\"@id\":\"https:\/\/hydrocentrum.pl\/nowa2023\/#website\"},\"datePublished\":\"2023-03-12T22:13:20+00:00\",\"dateModified\":\"2026-04-01T15:52:46+00:00\",\"breadcrumb\":{\"@id\":\"https:\/\/hydrocentrum.pl\/nowa2023\/#breadcrumb\"},\"inLanguage\":\"pl-PL\",\"potentialAction\":[{\"@type\":\"ReadAction\",\"target\":[\"https:\/\/hydrocentrum.pl\/nowa2023\/\"]}]},{\"@type\":\"BreadcrumbList\",\"@id\":\"https:\/\/hydrocentrum.pl\/nowa2023\/#breadcrumb\",\"itemListElement\":[{\"@type\":\"ListItem\",\"position\":1,\"name\":\"Strona g\u0142\u00f3wna\",\"item\":\"https:\/\/hydrocentrum.pl\/nowa2023\/\"},{\"@type\":\"ListItem\",\"position\":2,\"name\":\"Strona g\u0142\u00f3wna\"}]},{\"@type\":\"WebSite\",\"@id\":\"https:\/\/hydrocentrum.pl\/nowa2023\/#website\",\"url\":\"https:\/\/hydrocentrum.pl\/nowa2023\/\",\"name\":\"Hydro Centrum\",\"description\":\"Pi\u0119knie wyko\u0144czone wn\u0119trza\",\"publisher\":{\"@id\":\"https:\/\/hydrocentrum.pl\/nowa2023\/#organization\"},\"potentialAction\":[{\"@type\":\"SearchAction\",\"target\":{\"@type\":\"EntryPoint\",\"urlTemplate\":\"https:\/\/hydrocentrum.pl\/nowa2023\/?s={search_term_string}\"},\"query-input\":\"required name=search_term_string\"}],\"inLanguage\":\"pl-PL\"},{\"@type\":\"Organization\",\"@id\":\"https:\/\/hydrocentrum.pl\/nowa2023\/#organization\",\"name\":\"Hydro Centrum\",\"url\":\"https:\/\/hydrocentrum.pl\/nowa2023\/\",\"logo\":{\"@type\":\"ImageObject\",\"inLanguage\":\"pl-PL\",\"@id\":\"https:\/\/hydrocentrum.pl\/nowa2023\/#\/schema\/logo\/image\/\",\"url\":\"https:\/\/hydrocentrum.pl\/nowa2023\/wp-content\/uploads\/2023\/03\/LogoFinal.png\",\"contentUrl\":\"https:\/\/hydrocentrum.pl\/nowa2023\/wp-content\/uploads\/2023\/03\/LogoFinal.png\",\"width\":418,\"height\":100,\"caption\":\"Hydro Centrum\"},\"image\":{\"@id\":\"https:\/\/hydrocentrum.pl\/nowa2023\/#\/schema\/logo\/image\/\"}}]}<\/script>\n<!-- \/ Yoast SEO plugin. -->","yoast_head_json":{"title":"Strona g\u0142\u00f3wna - Hydro Centrum","robots":{"index":"noindex","follow":"follow","max-snippet":"max-snippet:-1","max-image-preview":"max-image-preview:large","max-video-preview":"max-video-preview:-1"},"og_locale":"pl_PL","og_type":"article","og_title":"Strona g\u0142\u00f3wna - Hydro Centrum","og_url":"https:\/\/hydrocentrum.pl\/nowa2023\/","og_site_name":"Hydro Centrum","article_modified_time":"2026-04-01T15:52:46+00:00","og_image":[{"width":1600,"height":900,"url":"https:\/\/hydrocentrum.pl\/nowa2023\/wp-content\/uploads\/2023\/03\/gamma2.jpg","type":"image\/jpeg"}],"twitter_card":"summary_large_image","schema":{"@context":"https:\/\/schema.org","@graph":[{"@type":"WebPage","@id":"https:\/\/hydrocentrum.pl\/nowa2023\/","url":"https:\/\/hydrocentrum.pl\/nowa2023\/","name":"Strona g\u0142\u00f3wna - Hydro Centrum","isPartOf":{"@id":"https:\/\/hydrocentrum.pl\/nowa2023\/#website"},"datePublished":"2023-03-12T22:13:20+00:00","dateModified":"2026-04-01T15:52:46+00:00","breadcrumb":{"@id":"https:\/\/hydrocentrum.pl\/nowa2023\/#breadcrumb"},"inLanguage":"pl-PL","potentialAction":[{"@type":"ReadAction","target":["https:\/\/hydrocentrum.pl\/nowa2023\/"]}]},{"@type":"BreadcrumbList","@id":"https:\/\/hydrocentrum.pl\/nowa2023\/#breadcrumb","itemListElement":[{"@type":"ListItem","position":1,"name":"Strona g\u0142\u00f3wna","item":"https:\/\/hydrocentrum.pl\/nowa2023\/"},{"@type":"ListItem","position":2,"name":"Strona g\u0142\u00f3wna"}]},{"@type":"WebSite","@id":"https:\/\/hydrocentrum.pl\/nowa2023\/#website","url":"https:\/\/hydrocentrum.pl\/nowa2023\/","name":"Hydro Centrum","description":"Pi\u0119knie wyko\u0144czone wn\u0119trza","publisher":{"@id":"https:\/\/hydrocentrum.pl\/nowa2023\/#organization"},"potentialAction":[{"@type":"SearchAction","target":{"@type":"EntryPoint","urlTemplate":"https:\/\/hydrocentrum.pl\/nowa2023\/?s={search_term_string}"},"query-input":"required name=search_term_string"}],"inLanguage":"pl-PL"},{"@type":"Organization","@id":"https:\/\/hydrocentrum.pl\/nowa2023\/#organization","name":"Hydro Centrum","url":"https:\/\/hydrocentrum.pl\/nowa2023\/","logo":{"@type":"ImageObject","inLanguage":"pl-PL","@id":"https:\/\/hydrocentrum.pl\/nowa2023\/#\/schema\/logo\/image\/","url":"https:\/\/hydrocentrum.pl\/nowa2023\/wp-content\/uploads\/2023\/03\/LogoFinal.png","contentUrl":"https:\/\/hydrocentrum.pl\/nowa2023\/wp-content\/uploads\/2023\/03\/LogoFinal.png","width":418,"height":100,"caption":"Hydro Centrum"},"image":{"@id":"https:\/\/hydrocentrum.pl\/nowa2023\/#\/schema\/logo\/image\/"}}]}},"_links":{"self":[{"href":"https:\/\/hydrocentrum.pl\/nowa2023\/wp-json\/wp\/v2\/pages\/11","targetHints":{"allow":["GET"]}}],"collection":[{"href":"https:\/\/hydrocentrum.pl\/nowa2023\/wp-json\/wp\/v2\/pages"}],"about":[{"href":"https:\/\/hydrocentrum.pl\/nowa2023\/wp-json\/wp\/v2\/types\/page"}],"author":[{"embeddable":true,"href":"https:\/\/hydrocentrum.pl\/nowa2023\/wp-json\/wp\/v2\/users\/1"}],"replies":[{"embeddable":true,"href":"https:\/\/hydrocentrum.pl\/nowa2023\/wp-json\/wp\/v2\/comments?post=11"}],"version-history":[{"count":33,"href":"https:\/\/hydrocentrum.pl\/nowa2023\/wp-json\/wp\/v2\/pages\/11\/revisions"}],"predecessor-version":[{"id":1171,"href":"https:\/\/hydrocentrum.pl\/nowa2023\/wp-json\/wp\/v2\/pages\/11\/revisions\/1171"}],"wp:featuredmedia":[{"embeddable":true,"href":"https:\/\/hydrocentrum.pl\/nowa2023\/wp-json\/wp\/v2\/media\/126"}],"wp:attachment":[{"href":"https:\/\/hydrocentrum.pl\/nowa2023\/wp-json\/wp\/v2\/media?parent=11"}],"curies":[{"name":"wp","href":"https:\/\/api.w.org\/{rel}","templated":true}]}}